{"id":155,"date":"2020-07-27T21:45:42","date_gmt":"2020-07-27T21:45:42","guid":{"rendered":"https:\/\/beta.r-s-music.de\/?page_id=155"},"modified":"2025-01-16T16:15:42","modified_gmt":"2025-01-16T16:15:42","slug":"155-2","status":"publish","type":"page","link":"https:\/\/r-s-music.de\/index.php\/155-2\/","title":{"rendered":"Kontakt"},"content":{"rendered":"<h3>\u00a0 \u00a0 \u00a0 \u00a0 \u00a0 \u00a0 \u00a0R.S. Music<\/h3>\n<ul>\n<li style=\"list-style-type: none;\">\n<ul>\n<li>Ralf Sattler<\/li>\n<li>07389 Ranis<\/li>\n<li>info@r-s-music.de<\/li>\n<\/ul>\n<\/li>\n<\/ul>\n<p><img loading=\"lazy\" decoding=\"async\" class=\"aligncenter wp-image-432\" src=\"https:\/\/r-s-music.de\/wp-content\/uploads\/2020\/07\/big_32973253_0_100-78.gif\" alt=\"\" width=\"85\" height=\"66\" \/><\/p>\n<p><strong><span style=\"color: #0000ff;\"><span style=\"color: #999999;\">\u00a0 \u00a0 \u00a0 \u00a0 \u00a0 \u00a0 \u00a0 \u00a0 \u00a0 \u00a0Telefon<\/span>\u00a0 \u00a0 <span style=\"color: #ffff99;\">0151 72 600 469<\/span><\/span><\/strong><img loading=\"lazy\" decoding=\"async\" class=\"size-full wp-image-431 aligncenter\" src=\"https:\/\/r-s-music.de\/wp-content\/uploads\/2020\/07\/big_32973585_0_80-72.gif\" alt=\"\" width=\"80\" height=\"72\" \/><\/p>\n<hr \/>\n<p>&nbsp;<\/p>\n<h3>\u00a0 \u00a0 \u00a0 \u00a0 \u00a0Anbieter bei: <a href=\"https:\/\/www.partymat.de\/RS-music\"><img decoding=\"async\" class=\"aligncenter\" src=\"http:\/\/www.partymat.de\/RS-music.png\" alt=\"K\u00fcnstleragentur\" \/><\/a><br \/>\n<a href=\"https:\/\/www.gigstarter.de\/artists\/sticky-fingers\"><img decoding=\"async\" class=\"aligncenter\" src=\"https:\/\/s3-eu-west-1.amazonaws.com\/gigstarter\/buch-uns.png\" alt=\"Buchen Sticky Fingers\" \/><\/a><\/h3>\n<table border=\"0\" width=\"1045\" cellspacing=\"0\" cellpadding=\"0\">\n<tbody>\n<tr>\n<td width=\"100%\">\n<div align=\"left\">\n<h2><\/h2>\n<h2><u><b>Impressum<\/b><\/u><\/h2>\n<p>Herausgeber der Seite:\u00a0\u00a0\u00a0\u00a0\u00a0\u00a0 <b><i>R.S. Music<\/i><\/b><br \/>\nRalf Sattler<br \/>\nRathausstr. 6\u00a0 07389 Ranis<br \/>\nTel. 03647-442514<br \/>\n<u>info@r-s-music.de<\/u><br \/>\nwww.r-s-music.de<br \/>\nSteuernummer: 165\/265\/03582<\/p>\n<p>Achtung! Keine Haftung f\u00fcr Inhalte extern verlinkter Seiten!<\/p>\n<p>Haftung f\u00fcr Inhalte: Die Inhalte der Seiten von R.S. music wurden mit gr\u00f6\u00dfter Sorgfalt erstellt. F\u00fcr die Richtigkeit, Vollst\u00e4ndigkeit und Aktualit\u00e4t der Inhalte k\u00f6nnen wir jedoch keine Gew\u00e4hr \u00fcbernehmen.<\/p>\n<p>Als Diensteanbieter sind wir gem\u00e4\u00df \u00a7 7 Abs.1 TMG f\u00fcr eigene Inhalte auf diesen Seiten nach den allgemeinen Gesetzen verantwortlich. Nach \u00a7\u00a7 8 bis 10 TMG sind wir als Diensteanbieter jedoch nicht verpflichtet, \u00fcbermittelte oder gespeicherte fremde Informationen zu \u00fcberwachen oder nach Umst\u00e4nden zu forschen, die auf eine rechtswidrige T\u00e4tigkeit hinweisen. Verpflichtungen zur Entfernung oder Sperrung der Nutzung von Informationen nach den allgemeinen Gesetzen bleiben hiervon unber\u00fchrt. Eine diesbez\u00fcgliche Haftung ist jedoch erst ab dem Zeitpunkt der Kenntnis einer konkreten Rechtsverletzung m\u00f6glich. Bei bekannt werden von entsprechenden Rechtsverletzungen werden wir diese Inhalte umgehend entfernen.<\/p>\n<p>Haftung f\u00fcr Links Unser Angebot enth\u00e4lt Links zu externen Webseiten Dritter, auf deren Inhalte wir keinen Einfluss haben. Deshalb k\u00f6nnen wir f\u00fcr diese fremden Inhalte auch keine Gew\u00e4hr \u00fcbernehmen. F\u00fcr die Inhalte der verlinkten Seiten ist stets der jeweilige Anbieter oder Betreiber der Seiten verantwortlich. Die verlinkten Seiten wurden zum Zeitpunkt der Verlinkung auf m\u00f6gliche Rechtsverst\u00f6\u00dfe \u00fcberpr\u00fcft. Rechtswidrige Inhalte waren zum Zeitpunkt der Verlinkung nicht erkennbar. Eine permanente inhaltliche Kontrolle der verlinkten Seiten ist jedoch ohne konkrete Anhaltspunkte einer Rechtsverletzung nicht zumutbar. Bei bekannt werden von Rechtsverletzungen werden wir derartige Links umgehend entfernen.<\/p>\n<p>Urheberrecht Die durch die Seitenbetreiber erstellten Inhalte und Werke auf diesen Seiten unterliegen dem deutschen Urheberrecht. Beitr\u00e4ge Dritter sind als solche gekennzeichnet. Die Vervielf\u00e4ltigung, Bearbeitung, Verbreitung und jede Art der Verwertung au\u00dferhalb der Grenzen des Urheberrechtes bed\u00fcrfen der schriftlichen Zustimmung des jeweiligen Autors bzw. Erstellers. Downloads und Kopien dieser Seite sind nur f\u00fcr den privaten, nicht kommerziellen Gebrauch gestattet.<\/p>\n<p>Die Betreiber der Seiten sind bem\u00fcht, stets die Urheberrechte anderer zu beachten bzw. auf selbst erstellte sowie lizenzfreie Werke zur\u00fcckzugreifen.<\/p>\n<p>Datenschutz Soweit auf unseren Seiten personenbezogene Daten (beispielsweise Name, Anschrift oder eMail-Adressen) erhoben werden, erfolgt dies soweit m\u00f6glich stets auf freiwilliger Basis. Die Nutzung der Angebote und Dienste ist, soweit m\u00f6glich, stets ohne Angabe personenbezogener Daten m\u00f6glich.<\/p>\n<p>Wir weisen darauf hin, dass die Daten\u00fcbertragung im Internet (z.B. bei der Kommunikation per E-Mail) Sicherheitsl\u00fccken aufweisen kann. Ein l\u00fcckenloser Schutz der Daten vor dem Zugriff durch Dritte ist nicht m\u00f6glich.<\/p>\n<p>Der Nutzung von im Rahmen der Impressumspflicht ver\u00f6ffentlichten Kontaktdaten durch Dritte zur ?bersendung von nicht ausdr\u00fccklich angeforderter Werbung und Informationsmaterialien wird hiermit ausdr\u00fccklich widersprochen. Die Betreiber der Seiten behalten sich ausdr\u00fccklich rechtliche Schritte im Falle der unverlangten Zusendung von Werbeinformationen, etwa durch Spam-Mails, vor.<\/p>\n<p>Quelle: <a href=\"http:\/\/www.e-recht24.de\/\">Disclaimer<\/a> von eRecht24.de &#8211; <a href=\"http:\/\/www.e-recht24.de\/\">Rechtsberatung<\/a> von RA S\u00f6ren Siebert<\/p>\n<p><a href=\"http:\/\/www.partymat.de\/RS-music\"><img decoding=\"async\" src=\"http:\/\/www.partymat.de\/RS-music.png\" alt=\"K\u00fcnstleragentur\" align=\"right\" border=\"0\" \/><\/a><br \/>\nRalf Sattler, R.S. music<\/p>\n<\/div>\n<\/td>\n<\/tr>\n<\/tbody>\n<\/table>\n<table style=\"height: 5px;\" border=\"0\" width=\"5\" cellspacing=\"0\" cellpadding=\"0\">\n<tbody>\n<tr>\n<td width=\"100%\"><\/td>\n<\/tr>\n<tr>\n<td valign=\"top\"><\/td>\n<\/tr>\n<\/tbody>\n<\/table>\n<p>&nbsp;<\/p>\n<p>&nbsp;<\/p>\n","protected":false},"excerpt":{"rendered":"<div class=\"mh-excerpt\"><p>\u00a0 \u00a0 \u00a0 \u00a0 \u00a0 \u00a0 \u00a0R.S. Music Ralf Sattler 07389 Ranis info@r-s-music.de \u00a0 \u00a0 \u00a0 \u00a0 \u00a0 \u00a0 \u00a0 \u00a0 \u00a0 \u00a0Telefon\u00a0 \u00a0 0151 <a class=\"mh-excerpt-more\" href=\"https:\/\/r-s-music.de\/index.php\/155-2\/\" title=\"Kontakt\">[&#8230;]<\/a><\/p>\n<\/div>","protected":false},"author":2,"featured_media":0,"parent":0,"menu_order":0,"comment_status":"closed","ping_status":"closed","template":"","meta":{"footnotes":""},"class_list":["post-155","page","type-page","status-publish","hentry"],"yoast_head":"<!-- This site is optimized with the Yoast SEO plugin v27.4 - https:\/\/yoast.com\/product\/yoast-seo-wordpress\/ -->\n<title>Kontakt -<\/title>\n<meta name=\"robots\" content=\"index, follow, max-snippet:-1, max-image-preview:large, max-video-preview:-1\" \/>\n<link rel=\"canonical\" href=\"https:\/\/r-s-music.de\/index.php\/155-2\/\" \/>\n<meta property=\"og:locale\" content=\"de_DE\" \/>\n<meta property=\"og:type\" content=\"article\" \/>\n<meta property=\"og:title\" content=\"Kontakt -\" \/>\n<meta property=\"og:description\" content=\"\u00a0 \u00a0 \u00a0 \u00a0 \u00a0 \u00a0 \u00a0R.S. Music Ralf Sattler 07389 Ranis info@r-s-music.de \u00a0 \u00a0 \u00a0 \u00a0 \u00a0 \u00a0 \u00a0 \u00a0 \u00a0 \u00a0Telefon\u00a0 \u00a0 0151 [...]\" \/>\n<meta property=\"og:url\" content=\"https:\/\/r-s-music.de\/index.php\/155-2\/\" \/>\n<meta property=\"article:modified_time\" content=\"2025-01-16T16:15:42+00:00\" \/>\n<meta property=\"og:image\" content=\"https:\/\/r-s-music.de\/wp-content\/uploads\/2020\/07\/big_32973253_0_100-78.gif\" \/>\n\t<meta property=\"og:image:width\" content=\"100\" \/>\n\t<meta property=\"og:image:height\" content=\"78\" \/>\n\t<meta property=\"og:image:type\" content=\"image\/gif\" \/>\n<meta name=\"twitter:card\" content=\"summary_large_image\" \/>\n<meta name=\"twitter:label1\" content=\"Gesch\u00e4tzte Lesezeit\" \/>\n\t<meta name=\"twitter:data1\" content=\"4\u00a0Minuten\" \/>\n<script type=\"application\/ld+json\" class=\"yoast-schema-graph\">{\"@context\":\"https:\\\/\\\/schema.org\",\"@graph\":[{\"@type\":\"WebPage\",\"@id\":\"https:\\\/\\\/r-s-music.de\\\/index.php\\\/155-2\\\/\",\"url\":\"https:\\\/\\\/r-s-music.de\\\/index.php\\\/155-2\\\/\",\"name\":\"Kontakt -\",\"isPartOf\":{\"@id\":\"https:\\\/\\\/r-s-music.de\\\/#website\"},\"primaryImageOfPage\":{\"@id\":\"https:\\\/\\\/r-s-music.de\\\/index.php\\\/155-2\\\/#primaryimage\"},\"image\":{\"@id\":\"https:\\\/\\\/r-s-music.de\\\/index.php\\\/155-2\\\/#primaryimage\"},\"thumbnailUrl\":\"https:\\\/\\\/r-s-music.de\\\/wp-content\\\/uploads\\\/2020\\\/07\\\/big_32973253_0_100-78.gif\",\"datePublished\":\"2020-07-27T21:45:42+00:00\",\"dateModified\":\"2025-01-16T16:15:42+00:00\",\"breadcrumb\":{\"@id\":\"https:\\\/\\\/r-s-music.de\\\/index.php\\\/155-2\\\/#breadcrumb\"},\"inLanguage\":\"de\",\"potentialAction\":[{\"@type\":\"ReadAction\",\"target\":[\"https:\\\/\\\/r-s-music.de\\\/index.php\\\/155-2\\\/\"]}]},{\"@type\":\"ImageObject\",\"inLanguage\":\"de\",\"@id\":\"https:\\\/\\\/r-s-music.de\\\/index.php\\\/155-2\\\/#primaryimage\",\"url\":\"https:\\\/\\\/r-s-music.de\\\/wp-content\\\/uploads\\\/2020\\\/07\\\/big_32973253_0_100-78.gif\",\"contentUrl\":\"https:\\\/\\\/r-s-music.de\\\/wp-content\\\/uploads\\\/2020\\\/07\\\/big_32973253_0_100-78.gif\",\"width\":100,\"height\":78},{\"@type\":\"BreadcrumbList\",\"@id\":\"https:\\\/\\\/r-s-music.de\\\/index.php\\\/155-2\\\/#breadcrumb\",\"itemListElement\":[{\"@type\":\"ListItem\",\"position\":1,\"name\":\"Startseite\",\"item\":\"https:\\\/\\\/r-s-music.de\\\/\"},{\"@type\":\"ListItem\",\"position\":2,\"name\":\"Kontakt\"}]},{\"@type\":\"WebSite\",\"@id\":\"https:\\\/\\\/r-s-music.de\\\/#website\",\"url\":\"https:\\\/\\\/r-s-music.de\\\/\",\"name\":\"\",\"description\":\"R.S. Music u. Sticky Fingers\",\"potentialAction\":[{\"@type\":\"SearchAction\",\"target\":{\"@type\":\"EntryPoint\",\"urlTemplate\":\"https:\\\/\\\/r-s-music.de\\\/?s={search_term_string}\"},\"query-input\":{\"@type\":\"PropertyValueSpecification\",\"valueRequired\":true,\"valueName\":\"search_term_string\"}}],\"inLanguage\":\"de\"}]}<\/script>\n<!-- \/ Yoast SEO plugin. -->","yoast_head_json":{"title":"Kontakt -","robots":{"index":"index","follow":"follow","max-snippet":"max-snippet:-1","max-image-preview":"max-image-preview:large","max-video-preview":"max-video-preview:-1"},"canonical":"https:\/\/r-s-music.de\/index.php\/155-2\/","og_locale":"de_DE","og_type":"article","og_title":"Kontakt -","og_description":"\u00a0 \u00a0 \u00a0 \u00a0 \u00a0 \u00a0 \u00a0R.S. Music Ralf Sattler 07389 Ranis info@r-s-music.de \u00a0 \u00a0 \u00a0 \u00a0 \u00a0 \u00a0 \u00a0 \u00a0 \u00a0 \u00a0Telefon\u00a0 \u00a0 0151 [...]","og_url":"https:\/\/r-s-music.de\/index.php\/155-2\/","article_modified_time":"2025-01-16T16:15:42+00:00","og_image":[{"width":100,"height":78,"url":"https:\/\/r-s-music.de\/wp-content\/uploads\/2020\/07\/big_32973253_0_100-78.gif","type":"image\/gif"}],"twitter_card":"summary_large_image","twitter_misc":{"Gesch\u00e4tzte Lesezeit":"4\u00a0Minuten"},"schema":{"@context":"https:\/\/schema.org","@graph":[{"@type":"WebPage","@id":"https:\/\/r-s-music.de\/index.php\/155-2\/","url":"https:\/\/r-s-music.de\/index.php\/155-2\/","name":"Kontakt -","isPartOf":{"@id":"https:\/\/r-s-music.de\/#website"},"primaryImageOfPage":{"@id":"https:\/\/r-s-music.de\/index.php\/155-2\/#primaryimage"},"image":{"@id":"https:\/\/r-s-music.de\/index.php\/155-2\/#primaryimage"},"thumbnailUrl":"https:\/\/r-s-music.de\/wp-content\/uploads\/2020\/07\/big_32973253_0_100-78.gif","datePublished":"2020-07-27T21:45:42+00:00","dateModified":"2025-01-16T16:15:42+00:00","breadcrumb":{"@id":"https:\/\/r-s-music.de\/index.php\/155-2\/#breadcrumb"},"inLanguage":"de","potentialAction":[{"@type":"ReadAction","target":["https:\/\/r-s-music.de\/index.php\/155-2\/"]}]},{"@type":"ImageObject","inLanguage":"de","@id":"https:\/\/r-s-music.de\/index.php\/155-2\/#primaryimage","url":"https:\/\/r-s-music.de\/wp-content\/uploads\/2020\/07\/big_32973253_0_100-78.gif","contentUrl":"https:\/\/r-s-music.de\/wp-content\/uploads\/2020\/07\/big_32973253_0_100-78.gif","width":100,"height":78},{"@type":"BreadcrumbList","@id":"https:\/\/r-s-music.de\/index.php\/155-2\/#breadcrumb","itemListElement":[{"@type":"ListItem","position":1,"name":"Startseite","item":"https:\/\/r-s-music.de\/"},{"@type":"ListItem","position":2,"name":"Kontakt"}]},{"@type":"WebSite","@id":"https:\/\/r-s-music.de\/#website","url":"https:\/\/r-s-music.de\/","name":"","description":"R.S. Music u. Sticky Fingers","potentialAction":[{"@type":"SearchAction","target":{"@type":"EntryPoint","urlTemplate":"https:\/\/r-s-music.de\/?s={search_term_string}"},"query-input":{"@type":"PropertyValueSpecification","valueRequired":true,"valueName":"search_term_string"}}],"inLanguage":"de"}]}},"_links":{"self":[{"href":"https:\/\/r-s-music.de\/index.php\/wp-json\/wp\/v2\/pages\/155","targetHints":{"allow":["GET"]}}],"collection":[{"href":"https:\/\/r-s-music.de\/index.php\/wp-json\/wp\/v2\/pages"}],"about":[{"href":"https:\/\/r-s-music.de\/index.php\/wp-json\/wp\/v2\/types\/page"}],"author":[{"embeddable":true,"href":"https:\/\/r-s-music.de\/index.php\/wp-json\/wp\/v2\/users\/2"}],"replies":[{"embeddable":true,"href":"https:\/\/r-s-music.de\/index.php\/wp-json\/wp\/v2\/comments?post=155"}],"version-history":[{"count":44,"href":"https:\/\/r-s-music.de\/index.php\/wp-json\/wp\/v2\/pages\/155\/revisions"}],"predecessor-version":[{"id":2225,"href":"https:\/\/r-s-music.de\/index.php\/wp-json\/wp\/v2\/pages\/155\/revisions\/2225"}],"wp:attachment":[{"href":"https:\/\/r-s-music.de\/index.php\/wp-json\/wp\/v2\/media?parent=155"}],"curies":[{"name":"wp","href":"https:\/\/api.w.org\/{rel}","templated":true}]}}