{"id":149,"date":"2020-07-27T21:45:42","date_gmt":"2020-07-27T21:45:42","guid":{"rendered":"https:\/\/beta.r-s-music.de\/?page_id=149"},"modified":"2026-03-30T07:57:58","modified_gmt":"2026-03-30T07:57:58","slug":"tourdaten","status":"publish","type":"page","link":"https:\/\/r-s-music.de\/index.php\/tourdaten\/","title":{"rendered":"Tour 2026"},"content":{"rendered":"<p><span style=\"color: #ff0000;\"><span style=\"color: #000000;\"><span style=\"color: #999999;\">The next Gig:\u00a0 <strong><span style=\"color: #ff6600;\"><span style=\"color: #ff0000;\">11.04.<\/span><\/span>\u00a0\u00a0<span style=\"color: #ffff99;\"><em>Sticky Fingers<\/em><\/span><\/strong>\u00a0 Kultparty in der &#8222;Kugel&#8220; zur Kneipentour in <\/span><\/span><\/span><span style=\"color: #ff0000;\"><span style=\"color: #000000;\"><span style=\"color: #999999;\">P\u00f6\u00dfneck<\/span><\/span><\/span><\/p>\n<h4><img loading=\"lazy\" decoding=\"async\" class=\"alignright wp-image-1611 \" src=\"https:\/\/r-s-music.de\/wp-content\/uploads\/2023\/07\/cropped-Sticky-Fingers-Logo-ganz-klein.png\" alt=\"\" width=\"159\" height=\"61\" \/><\/h4>\n<ul>\n<li style=\"list-style-type: none;\">\n<ul>\n<li style=\"list-style-type: none;\">\n<ul>\n<li>\n<h5><span style=\"color: #ffcc00;\">10.01.<\/span>\u00a0 G\u00f6ssitz (Th\u00fcr.) &#8211; Privat<\/h5>\n<\/li>\n<li>\n<h5><span style=\"color: #ffcc00;\">30.01.<\/span>\u00a0 P\u00f6\u00dfneck (Th\u00fcr.) &#8211; Privat<\/h5>\n<\/li>\n<li>\n<h5><span style=\"color: #ffcc99;\">13.03.<\/span>\u00a0 P\u00f6\u00dfneck (Th\u00fcr.) &#8211; SilkFORCE\u00a0 (Setzkasten)<\/h5>\n<\/li>\n<li>\n<h5><span style=\"color: #ffcc00;\">11.04.<\/span>\u00a0 P\u00f6\u00dfneck (Th\u00fcr.) &#8211; Kneipentour<\/h5>\n<\/li>\n<li>\n<h5><\/h5>\n<h5><img loading=\"lazy\" decoding=\"async\" class=\"wp-image-2213 alignright\" src=\"https:\/\/r-s-music.de\/wp-content\/uploads\/2025\/01\/Gitarrenspieler-300x265.gif\" alt=\"\" width=\"100\" height=\"88\" \/><\/h5>\n<h5><span style=\"color: #ffcc99;\">21.06.<\/span>\u00a0 P\u00f6\u00dfneck (Th\u00fcr.) &#8211; SilkFORCE vor dem Setzkasten<\/h5>\n<\/li>\n<li>\n<h5><span style=\"color: #ffcc00;\">26.06.<\/span>\u00a0 Uhlst\u00e4dt (Th\u00fcr.) &#8211; Bikertreffen Route 88<\/h5>\n<\/li>\n<li>\n<h5><span style=\"color: #ffcc00;\">04.07.<\/span>\u00a0 Elsterberg (Th\u00fcr.) &#8211; Bikertreffen<\/h5>\n<\/li>\n<li>\n<h5><span style=\"color: #ffcc00;\">08.08.<\/span>\u00a0 Unterwellenborn (Th\u00fcr.) &#8211; R\u00f6blitzer Rocknacht<\/h5>\n<\/li>\n<li>\n<h5><span style=\"color: #ffcc00;\">15.08.<\/span>\u00a0 Schwarzb.\/Eisfeld (Th\u00fcr.) &#8211; priv. Rockparty<\/h5>\n<\/li>\n<li>\n<h5><\/h5>\n<h5><span style=\"color: #ff9900;\"><b><img loading=\"lazy\" decoding=\"async\" class=\"alignright wp-image-2133\" src=\"https:\/\/r-s-music.de\/wp-content\/uploads\/2024\/10\/42-Nauwalde-244x300.jpg\" alt=\"\" width=\"155\" height=\"191\" srcset=\"https:\/\/r-s-music.de\/wp-content\/uploads\/2024\/10\/42-Nauwalde-244x300.jpg 244w, https:\/\/r-s-music.de\/wp-content\/uploads\/2024\/10\/42-Nauwalde-832x1024.jpg 832w, https:\/\/r-s-music.de\/wp-content\/uploads\/2024\/10\/42-Nauwalde-768x945.jpg 768w, https:\/\/r-s-music.de\/wp-content\/uploads\/2024\/10\/42-Nauwalde-1248x1536.jpg 1248w, https:\/\/r-s-music.de\/wp-content\/uploads\/2024\/10\/42-Nauwalde.jpg 1300w\" sizes=\"auto, (max-width: 155px) 100vw, 155px\" \/><\/b><\/span><\/h5>\n<h5><span style=\"color: #ffcc00;\">05.09.<\/span>\u00a0 Erfurt Kerpsleben (Th\u00fcr.)- Bikertreffen<\/h5>\n<\/li>\n<li>\n<h5><span style=\"color: #ffcc00;\">12.09.<\/span>\u00a0 J\u00fcterbog (Brandenb.) &#8211; F\u00fcrstentag<\/h5>\n<\/li>\n<li>\n<h5><span style=\"color: #ffcc00;\">19.09.<\/span>\u00a0 Scheibenberg (Sachsen) &#8211; priv. Rockparty<\/h5>\n<\/li>\n<li>\n<h5><span style=\"color: #ffcc00;\">03.10.<\/span>\u00a0 Querfurt (Sa.Anh.) &#8211; <em>priv. Biker- PartyV<\/em><\/h5>\n<\/li>\n<li>\n<h5><span style=\"color: #ffcc00;\">17.10.<\/span>\u00a0 Kleindembach (Th\u00fcr.) &#8211; die gro\u00dfe <span style=\"color: #ff6600;\">20 Jahre Sticky Fingers<\/span> Party im &#8222;Stern&#8220;<\/h5>\n<h2>&#8212;&#8212;&#8212;&#8212;&#8212;&#8212;&#8212;&#8212;&#8212;&#8212;&#8212;&#8212;&#8212;&#8212;&#8212;&#8212;&#8212;&#8212;&#8212;&#8212;&#8212;&#8212;&#8212;&#8211;<\/h2>\n<h2>History:<\/h2>\n<h6>\u00dcberblick, wo wir die letzten Jahren Eure Partys gerockt haben &#8230;<\/h6>\n<p><em style=\"font-size: 10.72px; font-weight: bold;\"><img loading=\"lazy\" decoding=\"async\" class=\"alignright wp-image-2131\" src=\"https:\/\/r-s-music.de\/wp-content\/uploads\/2024\/10\/Ranis-24-150x150.jpg\" alt=\"\" width=\"155\" height=\"116\" srcset=\"https:\/\/r-s-music.de\/wp-content\/uploads\/2024\/10\/Ranis-24-300x225.jpg 300w, https:\/\/r-s-music.de\/wp-content\/uploads\/2024\/10\/Ranis-24-1024x768.jpg 1024w, https:\/\/r-s-music.de\/wp-content\/uploads\/2024\/10\/Ranis-24-768x576.jpg 768w, https:\/\/r-s-music.de\/wp-content\/uploads\/2024\/10\/Ranis-24-1536x1152.jpg 1536w, https:\/\/r-s-music.de\/wp-content\/uploads\/2024\/10\/Ranis-24-678x509.jpg 678w, https:\/\/r-s-music.de\/wp-content\/uploads\/2024\/10\/Ranis-24-326x245.jpg 326w, https:\/\/r-s-music.de\/wp-content\/uploads\/2024\/10\/Ranis-24-80x60.jpg 80w, https:\/\/r-s-music.de\/wp-content\/uploads\/2024\/10\/Ranis-24.jpg 1600w\" sizes=\"auto, (max-width: 155px) 100vw, 155px\" \/><\/em><\/p>\n<h3><span style=\"color: #800000;\">2025\u00a0<\/span><\/h3>\n<\/li>\n<\/ul>\n<\/li>\n<li>\n<h6><span style=\"color: #ffcc99;\">25.01<\/span>.\u00a0 P\u00f6\u00dfneck (Th\u00fcr.) &#8211; <em>(privat)<\/em><\/h6>\n<\/li>\n<li>\n<h6><span style=\"color: #ffff99;\">14.02.<\/span>\u00a0 P\u00f6\u00dfneck (Th\u00fcr.) &#8211; Setzkasten (<span style=\"color: #ffff99;\"><em>SilkForce<\/em><\/span>)<\/h6>\n<\/li>\n<li>\n<h6><span style=\"color: #ffff99;\">15.03.<\/span>\u00a0 J\u00fcterbog (Brandenb.) &#8211; Kneipenfest (<em><span style=\"color: #ffff99;\">SilkForce<\/span><\/em>)<\/h6>\n<\/li>\n<li><img loading=\"lazy\" decoding=\"async\" class=\"alignright wp-image-1663\" src=\"https:\/\/r-s-music.de\/wp-content\/uploads\/2023\/07\/29-Ruegenwalder-Rocknacht-2023-150x150.jpg\" alt=\"\" width=\"155\" height=\"95\" srcset=\"https:\/\/r-s-music.de\/wp-content\/uploads\/2023\/07\/29-Ruegenwalder-Rocknacht-2023-300x184.jpg 300w, https:\/\/r-s-music.de\/wp-content\/uploads\/2023\/07\/29-Ruegenwalder-Rocknacht-2023-1024x628.jpg 1024w, https:\/\/r-s-music.de\/wp-content\/uploads\/2023\/07\/29-Ruegenwalder-Rocknacht-2023-768x471.jpg 768w, https:\/\/r-s-music.de\/wp-content\/uploads\/2023\/07\/29-Ruegenwalder-Rocknacht-2023-1536x942.jpg 1536w, https:\/\/r-s-music.de\/wp-content\/uploads\/2023\/07\/29-Ruegenwalder-Rocknacht-2023.jpg 2048w\" sizes=\"auto, (max-width: 155px) 100vw, 155px\" \/><br \/>\n<h6><span style=\"color: #ffcc99;\">05.04.<\/span>\u00a0 P\u00f6\u00dfneck (Th\u00fcr.) &#8211; <em>Kneipentour<\/em><\/h6>\n<\/li>\n<li>\n<h6><span style=\"color: #ffff99;\">29.05.<\/span>\u00a0 P\u00f6\u00dfneck (Th\u00fcr.) &#8211; Setzkasten (<em><span style=\"color: #ffff99;\">SilkForce<\/span><\/em>)<\/h6>\n<\/li>\n<li>\n<h6><span style=\"color: #ffcc99;\">13.06.<\/span>\u00a0 Reinsberg (Sachs.) &#8211; Rockabend (Schul- u. Heimatfest)<\/h6>\n<\/li>\n<li>\n<h6><span style=\"color: #ffcc99;\">21.06.<\/span>\u00a0 Stra\u00dfberg (SachsenA.) &#8211; <em>Bikertreffen Harzf\u00fcchse<\/em><\/h6>\n<\/li>\n<li>\n<h6><span style=\"color: #ffcc99;\">28.06.<\/span>\u00a0 Freudenstadt (B. W\u00fcrttemb.) &#8211; <em>Bikertreffen<\/em><\/h6>\n<\/li>\n<li>\n<h6><span style=\"color: #ffcc99;\">05.07.<\/span>\u00a0 Hildburghausen (Th\u00fcr.) &#8211; <em>privat<\/em><\/h6>\n<p><em style=\"font-size: 10.72px; font-weight: bold;\"><img loading=\"lazy\" decoding=\"async\" class=\"alignright wp-image-2063\" src=\"https:\/\/r-s-music.de\/wp-content\/uploads\/2024\/09\/19-Ruegenwalder-Rocknacht-225x300.jpg\" alt=\"\" width=\"155\" height=\"207\" srcset=\"https:\/\/r-s-music.de\/wp-content\/uploads\/2024\/09\/19-Ruegenwalder-Rocknacht-225x300.jpg 225w, https:\/\/r-s-music.de\/wp-content\/uploads\/2024\/09\/19-Ruegenwalder-Rocknacht-768x1024.jpg 768w, https:\/\/r-s-music.de\/wp-content\/uploads\/2024\/09\/19-Ruegenwalder-Rocknacht-1152x1536.jpg 1152w, https:\/\/r-s-music.de\/wp-content\/uploads\/2024\/09\/19-Ruegenwalder-Rocknacht.jpg 1536w\" sizes=\"auto, (max-width: 155px) 100vw, 155px\" \/><\/em><\/li>\n<\/ul>\n<\/li>\n<\/ul>\n<p><em style=\"font-size: 10.72px; font-weight: bold;\">\u00a0<\/em><\/p>\n<ul>\n<li style=\"list-style-type: none;\">\n<ul>\n<li>\n<h6><span style=\"color: #ffcc99;\">02.08.<\/span>\u00a0 Unterwellenborn (Th\u00fcr.) &#8211; <em>R\u00f6blitzer &#8211; Rocknacht<\/em><\/h6>\n<\/li>\n<li>\n<h6><span style=\"color: #ffcc99;\">16.08.<\/span>\u00a0 Ziegenr\u00fcck (Th\u00fcr.) &#8211; <em>Bergrennen<\/em><\/h6>\n<\/li>\n<li>\n<h6><span style=\"color: #ffcc99;\">\u00a0<\/span><span style=\"color: #ffcc99;\">30.08.<\/span>\u00a0 Naundorf (Sachs.) &#8211; <em>priv. Sommerparty<\/em><\/h6>\n<\/li>\n<li>\n<h6><span style=\"font-size: 16px;\"><span style=\"color: #ffcc99;\">06.09.<\/span>\u00a0 Erfurt\/Kerbsl. (Th\u00fcr.) &#8211; Streetfighter Party<\/span><\/h6>\n<\/li>\n<li>\n<h6><span style=\"color: #ffff99;\">13.09.\u00a0<\/span> J\u00fcterbog (Brandenburg) &#8211; F\u00fcrstentag\u00a0 (<em><span style=\"color: #ffff99;\">SilkForce<\/span><\/em>)<\/h6>\n<\/li>\n<li>\n<h6><span style=\"color: #ffff99;\">26.09.<\/span>\u00a0 P\u00f6\u00dfneck (Th\u00fcr.) &#8211; Setzkasten\u00a0 (<em><span style=\"color: #ffff99;\">SilkForce<\/span><\/em>)<\/h6>\n<p><img loading=\"lazy\" decoding=\"async\" class=\"alignright wp-image-1652\" src=\"https:\/\/r-s-music.de\/wp-content\/uploads\/2023\/07\/18-Zwickau-300x198.jpg\" alt=\"\" width=\"154\" height=\"102\" srcset=\"https:\/\/r-s-music.de\/wp-content\/uploads\/2023\/07\/18-Zwickau-300x198.jpg 300w, https:\/\/r-s-music.de\/wp-content\/uploads\/2023\/07\/18-Zwickau-1024x675.jpg 1024w, https:\/\/r-s-music.de\/wp-content\/uploads\/2023\/07\/18-Zwickau-768x506.jpg 768w, https:\/\/r-s-music.de\/wp-content\/uploads\/2023\/07\/18-Zwickau.jpg 1147w\" sizes=\"auto, (max-width: 154px) 100vw, 154px\" \/><\/li>\n<\/ul>\n<\/li>\n<\/ul>\n<p>&nbsp;<\/p>\n<ul>\n<li>\n<h6><span style=\"color: #ffff99;\">25.10.<\/span>\u00a0 Reitzengeschwenda (Th\u00fcr.) &#8211; Kirmes (<em><span style=\"color: #ffff99;\">SilkForce<\/span><\/em>)<\/h6>\n<\/li>\n<li>\n<h6><span style=\"color: #ffcc99;\"><span style=\"color: #ffff99;\">08. 11<\/span>.\u00a0<\/span> J\u00fcterbog (Brandenb.) &#8211; Kneipenfest<\/h6>\n<\/li>\n<li>\n<h6><span style=\"color: #ffff99;\">12. 12.<\/span>\u00a0 P\u00f6\u00dfneck (Th\u00fcr.) &#8211; Setzkasten\u00a0 (<span style=\"color: #ffff99;\"><em>SilkForce<\/em><\/span>)<\/h6>\n<\/li>\n<li>\n<h6><span style=\"color: #ffff99;\">31. 12.<\/span>\u00a0 Neustadt (Hessen) &#8211; Silvesterparty\u00a0 (<span style=\"color: #ffff99;\"><em>SilkForce<\/em><\/span>)<\/h6>\n<\/li>\n<\/ul>\n<p>&#8212;&#8212;&#8212;&#8212;&#8212;&#8212;&#8212;&#8212;&#8212;&#8212;&#8212;&#8212;&#8212;&#8212;&#8212;&#8212;&#8212;&#8212;&#8212;&#8212;&#8212;&#8212;&#8212;&#8211;<\/p>\n<p><b><\/b><span style=\"color: #ff9900;\"><b>2024<\/b><\/span><\/p>\n<h6>26.01.\u00a0 \u00a0P\u00f6\u00dfneck (Th\u00fcr) &#8211; <em>Schalander- Club (privat)<\/em><\/h6>\n<h6>23.03.\u00a0 \u00a0Meerane (Sachs.) &#8211; <em>priv. Veranstaltung<\/em><\/h6>\n<h6><span style=\"font-size: 16px;\">06.04.\u00a0 P\u00f6\u00dfneck (Th\u00fcr.) &#8211; <\/span><em style=\"font-size: 16px;\">&#8222;Kugel&#8220; (Kneipentour)<\/em><\/h6>\n<h6><span style=\"font-size: 16px;\">08.06<\/span><em style=\"font-size: 16px;\">.\u00a0 <\/em><span style=\"font-size: 16px;\">Erbendorf (Oberpf.)<\/span><em style=\"font-size: 16px;\"> &#8211; Bikertreffen<\/em><\/h6>\n<h6>06.07.\u00a0 Elsterberg (Th\u00fcr.) &#8211; Harley Treffen<\/h6>\n<h6>09.08.\u00a0 Nauwalde (Sachs.) &#8211; Sportfest SV Saxonia<\/h6>\n<h6>10.08.\u00a0 Unterwellenborn (Th\u00fcr.) &#8211; <em>R\u00f6blitzer &#8211; Rocknacht<\/em><\/h6>\n<h6>16.08.\u00a0 \u00a0Ranis (Th\u00fcr.) &#8211; <em>Stadtfest<\/em><\/h6>\n<h6>07.09.\u00a0 Kerpsleben b. Erfurt (Th\u00fcr.) &#8211; <em>Streetfighter Party<\/em><\/h6>\n<h6>02.10.\u00a0 Querfurt (Sachs.Anhalt) &#8211; <em>priv. Biker- Party<\/em><\/h6>\n<h4><em><strong>SilkFORCE<\/strong><\/em><\/h4>\n<h6>19.01.\u00a0 P\u00f6\u00dfneck (Th\u00fcr.) &#8211; <em>Setzkasten<\/em><\/h6>\n<h6>17.05.\u00a0 P\u00f6\u00dfneck (Th\u00fcr.) &#8211; <em>Setzkasten<\/em><\/h6>\n<h6>09.11.\u00a0 J\u00fcterbog (Brandenb.) &#8211; Kneipenfest<\/h6>\n<h6>15.11.\u00a0 P\u00f6\u00dfneck (Th\u00fcr.) &#8211; <em>Setzkasten<\/em><\/h6>\n<h6>29.11.\u00a0 P\u00f6\u00dfneck (Th\u00fcr.) Franzenshof<\/h6>\n<h6>31.12.\u00a0 Bodelwitz (Th\u00fcr.) &#8211; <em>Silvester Party<\/em><\/h6>\n<h3><em><strong>Adrenalin\u00a0<\/strong><\/em><\/h3>\n<h6>02.02.\u00a0 Steigra &#8211; <em>Karneval \/ GP<\/em><\/h6>\n<h6>03.02.\u00a0 Steigra &#8211; Karneval\u00a0 \/ RF<\/h6>\n<h6>09.02.\u00a0 Steigra &#8211; <em>Karneval \/ Galaabend<\/em><\/h6>\n<h6>10.02.\u00a0 Steigra &#8211; <em>Karneval \/ Galaabend<\/em><\/h6>\n<h6>12.02.\u00a0 Steigra &#8211; <em>Rosenmontagsparty<\/em><\/h6>\n<p><span style=\"color: #ff9900;\"><b>2023<\/b><\/span><\/p>\n<h6>11.02.\u00a0 \u00a0Weissensee<em> &#8211; Stahlpakt S\u00f6mmerda<\/em><\/h6>\n<h6>11.03.\u00a0 \u00a0Sigmundsburg<em> &#8211; Privat Party<\/em><\/h6>\n<h6>01.04.\u00a0 P\u00f6\u00dfneck &#8211; <em>&#8222;Kugel&#8220; (Kneipentour)\u00a0<\/em><\/h6>\n<h6>28.04.\u00a0 Treuen &#8211; <em>Rittergut Pfaffengr\u00fcn<\/em><\/h6>\n<h6>03.06.\u00a0 Trebra &#8211; <em>Bikertreffen MC NineTyTwo<\/em><\/h6>\n<h6>17.06.\u00a0 Affalter &#8211; <em>Privat Party<\/em><\/h6>\n<h6>24.06.\u00a0 Uhlst\u00e4dt &#8211; <em>Bikertreffen Route 88<\/em><\/h6>\n<h6>30.06.\u00a0 Scheibenberg (Erzgb.) &#8211; <em>Stra\u00dfenfest<\/em><\/h6>\n<h6>08.07.\u00a0 Hof\/OT K\u00f6ditz &#8211; <em>Rock Saalenstein<\/em><\/h6>\n<h6>22.07.\u00a0 Bad Arolsen (Hessen) &#8211; <em>R\u00fcgenwalder Rocknacht<\/em><\/h6>\n<h6>26.08.\u00a0 Langenbach (Bayern) &#8211; Bikertreffen<\/h6>\n<h6>02.09. M\u00f6nchshof\/Bayern &#8211; <em>Bikertreffen DERELICTS MC BAVARIA<\/em><\/h6>\n<p><img loading=\"lazy\" decoding=\"async\" class=\"wp-image-1662 alignright\" src=\"https:\/\/r-s-music.de\/wp-content\/uploads\/2023\/07\/28-Marcel-300x225.jpg\" alt=\"\" width=\"200\" height=\"150\" srcset=\"https:\/\/r-s-music.de\/wp-content\/uploads\/2023\/07\/28-Marcel-300x225.jpg 300w, https:\/\/r-s-music.de\/wp-content\/uploads\/2023\/07\/28-Marcel-1024x768.jpg 1024w, https:\/\/r-s-music.de\/wp-content\/uploads\/2023\/07\/28-Marcel-768x576.jpg 768w, https:\/\/r-s-music.de\/wp-content\/uploads\/2023\/07\/28-Marcel-1536x1152.jpg 1536w, https:\/\/r-s-music.de\/wp-content\/uploads\/2023\/07\/28-Marcel-678x509.jpg 678w, https:\/\/r-s-music.de\/wp-content\/uploads\/2023\/07\/28-Marcel-326x245.jpg 326w, https:\/\/r-s-music.de\/wp-content\/uploads\/2023\/07\/28-Marcel-80x60.jpg 80w, https:\/\/r-s-music.de\/wp-content\/uploads\/2023\/07\/28-Marcel.jpg 2048w\" sizes=\"auto, (max-width: 200px) 100vw, 200px\" \/><\/p>\n<h6>08.09. L\u00f6\u00dfnitz (Erzgb.) &#8211; Bummelabend (S<i>pecial Guest\u00a0 bei Ines &amp; Friends)<\/i><\/h6>\n<h6>29.10.\u00a0 Brielow\/Brandenburg &#8211; <em>Privat Party<\/em><\/h6>\n<h6>25.11.\u00a0 Affalter (Erzgb.) &#8211; <em>Firmenfest\u00a0 (abgesagt!<\/em><\/h6>\n<h4 style=\"text-align: left;\"><span style=\"color: #ff9900;\"><b>2022<\/b><\/span><\/h4>\n<h6>01.04.\u00a0 \u00a0Zwickau &#8211;\u00a0<em>im &#8222;Spare Time&#8220; (Caf\u00e9 u. Bar)\u00a0<\/em><\/h6>\n<h6>07.05.\u00a0 \u00a0Freiberg\/Sachs. &#8211;\u00a0<em>priv. Rockparty<\/em><\/h6>\n<p><img loading=\"lazy\" decoding=\"async\" class=\"wp-image-1664 alignright\" src=\"https:\/\/r-s-music.de\/wp-content\/uploads\/2023\/07\/30-Ruegenwalder-Rocknacht-2023-300x214.jpg\" alt=\"\" width=\"200\" height=\"143\" srcset=\"https:\/\/r-s-music.de\/wp-content\/uploads\/2023\/07\/30-Ruegenwalder-Rocknacht-2023-300x214.jpg 300w, https:\/\/r-s-music.de\/wp-content\/uploads\/2023\/07\/30-Ruegenwalder-Rocknacht-2023-1024x732.jpg 1024w, https:\/\/r-s-music.de\/wp-content\/uploads\/2023\/07\/30-Ruegenwalder-Rocknacht-2023-768x549.jpg 768w, https:\/\/r-s-music.de\/wp-content\/uploads\/2023\/07\/30-Ruegenwalder-Rocknacht-2023.jpg 1535w\" sizes=\"auto, (max-width: 200px) 100vw, 200px\" \/><\/p>\n<h6>25.06.\u00a0 \u00a0Reuth \/ Vogtl. &#8211;\u00a0<em>priv. Rockparty<\/em><\/h6>\n<h6>09.07.\u00a0 \u00a0Ziegenr\u00fcck &#8211;\u00a0<em>Bergrennen<\/em><\/h6>\n<h6>06.08.\u00a0 \u00a0Unterwellenborn &#8211;\u00a0<em>H\u00f6fefest R\u00f6blitz<\/em><\/h6>\n<h6>20.08.\u00a0 Hof\/Saale OT K\u00f6ditz &#8211;\u00a0<em>Saalenstein- Rock<\/em><\/h6>\n<h6>01.10.\u00a0 \u00a0P\u00f6\u00dfneck &#8211;\u00a0<em>Kneipentour\u00a0<\/em><em>(in der Kugel)<\/em><\/h6>\n<h6>14.10.\u00a0 \u00a0Zwickau &#8211;\u00a0<em>Rockclub Ringkeller<\/em><\/h6>\n<p><img loading=\"lazy\" decoding=\"async\" class=\"alignright wp-image-2053\" style=\"font-size: 10.72px; font-weight: bold;\" src=\"https:\/\/r-s-music.de\/wp-content\/uploads\/2024\/09\/03-Berlin-1-300x199.jpg\" alt=\"\" width=\"200\" height=\"133\" srcset=\"https:\/\/r-s-music.de\/wp-content\/uploads\/2024\/09\/03-Berlin-1-300x199.jpg 300w, https:\/\/r-s-music.de\/wp-content\/uploads\/2024\/09\/03-Berlin-1-1024x680.jpg 1024w, https:\/\/r-s-music.de\/wp-content\/uploads\/2024\/09\/03-Berlin-1-768x510.jpg 768w, https:\/\/r-s-music.de\/wp-content\/uploads\/2024\/09\/03-Berlin-1-1536x1021.jpg 1536w, https:\/\/r-s-music.de\/wp-content\/uploads\/2024\/09\/03-Berlin-1.jpg 1806w\" sizes=\"auto, (max-width: 200px) 100vw, 200px\" \/><\/p>\n<h6>01.04.\u00a0 P\u00f6\u00dfneck &#8211; <em>Setzkasten<\/em><\/h6>\n<p>&nbsp;<\/p>\n<h6>13.05.\u00a0 \u00a0Remptendorf &#8211; <em>Betriebsfest<\/em><\/h6>\n<p>01.06.\u00a0 \u00a0Kr\u00f6lpa &#8211; <em>Privat<\/em><\/p>\n<h6>26.07.\u00a0 \u00a0Liebengr\u00fcn &#8211; <em>Lindenfest<\/em><\/h6>\n<h6>08.10.\u00a0 \u00a0Bad Salzungen &#8211; <em>Bikertreffen<\/em><\/h6>\n<p><em style=\"font-size: 10.72px; font-weight: bold;\"><img loading=\"lazy\" decoding=\"async\" class=\"alignright wp-image-1290\" src=\"https:\/\/r-s-music.de\/wp-content\/uploads\/2023\/01\/Kopie-von-Silke-Loewe-Kopie-289x300.jpg\" alt=\"\" width=\"190\" height=\"197\" srcset=\"https:\/\/r-s-music.de\/wp-content\/uploads\/2023\/01\/Kopie-von-Silke-Loewe-Kopie-289x300.jpg 289w, https:\/\/r-s-music.de\/wp-content\/uploads\/2023\/01\/Kopie-von-Silke-Loewe-Kopie.jpg 596w\" sizes=\"auto, (max-width: 190px) 100vw, 190px\" \/><\/em><\/p>\n<h6>12.11.\u00a0 \u00a0 J\u00fcterbog &#8211; <em>Kneipenfest<\/em><\/h6>\n<h6>02.12.\u00a0 \u00a0P\u00f6\u00dfneck &#8211;<em> Setzkasten<\/em><\/h6>\n<h6>10.12.\u00a0 \u00a0L\u00f6\u00dfnitz &#8211;<em> Weihnachtsmarkt<\/em><\/h6>\n<h6>31.12.\u00a0 \u00a0 Bad Rodach &#8211; <em>Silvesterparty in der Therme <\/em><\/h6>\n<h6>&#8212;&#8212;&#8212;&#8212;&#8212;&#8212;&#8212;&#8212;&#8212;&#8212;&#8212;&#8212;&#8212;&#8212;&#8212;&#8212;&#8212;&#8212;&#8212;&#8212;&#8212;&#8211;<\/h6>\n","protected":false},"excerpt":{"rendered":"<div class=\"mh-excerpt\"><p>The next Gig:\u00a0 11.04.\u00a0\u00a0Sticky Fingers\u00a0 Kultparty in der &#8222;Kugel&#8220; zur Kneipentour in P\u00f6\u00dfneck 10.01.\u00a0 G\u00f6ssitz (Th\u00fcr.) &#8211; Privat 30.01.\u00a0 P\u00f6\u00dfneck (Th\u00fcr.) &#8211; Privat 13.03.\u00a0 P\u00f6\u00dfneck <a class=\"mh-excerpt-more\" href=\"https:\/\/r-s-music.de\/index.php\/tourdaten\/\" title=\"Tour 2026\">[&#8230;]<\/a><\/p>\n<\/div>","protected":false},"author":2,"featured_media":0,"parent":0,"menu_order":0,"comment_status":"closed","ping_status":"closed","template":"","meta":{"footnotes":""},"class_list":["post-149","page","type-page","status-publish","hentry"],"yoast_head":"<!-- This site is optimized with the Yoast SEO plugin v27.3 - https:\/\/yoast.com\/product\/yoast-seo-wordpress\/ -->\n<title>Tour 2026 -<\/title>\n<meta name=\"robots\" content=\"index, follow, max-snippet:-1, max-image-preview:large, max-video-preview:-1\" \/>\n<link rel=\"canonical\" href=\"https:\/\/r-s-music.de\/index.php\/tourdaten\/\" \/>\n<meta property=\"og:locale\" content=\"de_DE\" \/>\n<meta property=\"og:type\" content=\"article\" \/>\n<meta property=\"og:title\" content=\"Tour 2026 -\" \/>\n<meta property=\"og:description\" content=\"The next Gig:\u00a0 11.04.\u00a0\u00a0Sticky Fingers\u00a0 Kultparty in der &#8222;Kugel&#8220; zur Kneipentour in P\u00f6\u00dfneck 10.01.\u00a0 G\u00f6ssitz (Th\u00fcr.) &#8211; Privat 30.01.\u00a0 P\u00f6\u00dfneck (Th\u00fcr.) &#8211; Privat 13.03.\u00a0 P\u00f6\u00dfneck [...]\" \/>\n<meta property=\"og:url\" content=\"https:\/\/r-s-music.de\/index.php\/tourdaten\/\" \/>\n<meta property=\"article:modified_time\" content=\"2026-03-30T07:57:58+00:00\" \/>\n<meta property=\"og:image\" content=\"https:\/\/r-s-music.de\/wp-content\/uploads\/2023\/07\/cropped-Sticky-Fingers-Logo-ganz-klein.png\" \/>\n\t<meta property=\"og:image:width\" content=\"212\" \/>\n\t<meta property=\"og:image:height\" content=\"81\" \/>\n\t<meta property=\"og:image:type\" content=\"image\/png\" \/>\n<meta name=\"twitter:card\" content=\"summary_large_image\" \/>\n<meta name=\"twitter:label1\" content=\"Gesch\u00e4tzte Lesezeit\" \/>\n\t<meta name=\"twitter:data1\" content=\"5\u00a0Minuten\" \/>\n<script type=\"application\/ld+json\" class=\"yoast-schema-graph\">{\"@context\":\"https:\\\/\\\/schema.org\",\"@graph\":[{\"@type\":\"WebPage\",\"@id\":\"https:\\\/\\\/r-s-music.de\\\/index.php\\\/tourdaten\\\/\",\"url\":\"https:\\\/\\\/r-s-music.de\\\/index.php\\\/tourdaten\\\/\",\"name\":\"Tour 2026 -\",\"isPartOf\":{\"@id\":\"https:\\\/\\\/r-s-music.de\\\/#website\"},\"primaryImageOfPage\":{\"@id\":\"https:\\\/\\\/r-s-music.de\\\/index.php\\\/tourdaten\\\/#primaryimage\"},\"image\":{\"@id\":\"https:\\\/\\\/r-s-music.de\\\/index.php\\\/tourdaten\\\/#primaryimage\"},\"thumbnailUrl\":\"https:\\\/\\\/r-s-music.de\\\/wp-content\\\/uploads\\\/2023\\\/07\\\/cropped-Sticky-Fingers-Logo-ganz-klein.png\",\"datePublished\":\"2020-07-27T21:45:42+00:00\",\"dateModified\":\"2026-03-30T07:57:58+00:00\",\"breadcrumb\":{\"@id\":\"https:\\\/\\\/r-s-music.de\\\/index.php\\\/tourdaten\\\/#breadcrumb\"},\"inLanguage\":\"de\",\"potentialAction\":[{\"@type\":\"ReadAction\",\"target\":[\"https:\\\/\\\/r-s-music.de\\\/index.php\\\/tourdaten\\\/\"]}]},{\"@type\":\"ImageObject\",\"inLanguage\":\"de\",\"@id\":\"https:\\\/\\\/r-s-music.de\\\/index.php\\\/tourdaten\\\/#primaryimage\",\"url\":\"https:\\\/\\\/r-s-music.de\\\/wp-content\\\/uploads\\\/2023\\\/07\\\/cropped-Sticky-Fingers-Logo-ganz-klein.png\",\"contentUrl\":\"https:\\\/\\\/r-s-music.de\\\/wp-content\\\/uploads\\\/2023\\\/07\\\/cropped-Sticky-Fingers-Logo-ganz-klein.png\",\"width\":212,\"height\":81},{\"@type\":\"BreadcrumbList\",\"@id\":\"https:\\\/\\\/r-s-music.de\\\/index.php\\\/tourdaten\\\/#breadcrumb\",\"itemListElement\":[{\"@type\":\"ListItem\",\"position\":1,\"name\":\"Startseite\",\"item\":\"https:\\\/\\\/r-s-music.de\\\/\"},{\"@type\":\"ListItem\",\"position\":2,\"name\":\"Tour 2026\"}]},{\"@type\":\"WebSite\",\"@id\":\"https:\\\/\\\/r-s-music.de\\\/#website\",\"url\":\"https:\\\/\\\/r-s-music.de\\\/\",\"name\":\"\",\"description\":\"R.S. Music u. Sticky Fingers\",\"potentialAction\":[{\"@type\":\"SearchAction\",\"target\":{\"@type\":\"EntryPoint\",\"urlTemplate\":\"https:\\\/\\\/r-s-music.de\\\/?s={search_term_string}\"},\"query-input\":{\"@type\":\"PropertyValueSpecification\",\"valueRequired\":true,\"valueName\":\"search_term_string\"}}],\"inLanguage\":\"de\"}]}<\/script>\n<!-- \/ Yoast SEO plugin. -->","yoast_head_json":{"title":"Tour 2026 -","robots":{"index":"index","follow":"follow","max-snippet":"max-snippet:-1","max-image-preview":"max-image-preview:large","max-video-preview":"max-video-preview:-1"},"canonical":"https:\/\/r-s-music.de\/index.php\/tourdaten\/","og_locale":"de_DE","og_type":"article","og_title":"Tour 2026 -","og_description":"The next Gig:\u00a0 11.04.\u00a0\u00a0Sticky Fingers\u00a0 Kultparty in der &#8222;Kugel&#8220; zur Kneipentour in P\u00f6\u00dfneck 10.01.\u00a0 G\u00f6ssitz (Th\u00fcr.) &#8211; Privat 30.01.\u00a0 P\u00f6\u00dfneck (Th\u00fcr.) &#8211; Privat 13.03.\u00a0 P\u00f6\u00dfneck [...]","og_url":"https:\/\/r-s-music.de\/index.php\/tourdaten\/","article_modified_time":"2026-03-30T07:57:58+00:00","og_image":[{"width":212,"height":81,"url":"https:\/\/r-s-music.de\/wp-content\/uploads\/2023\/07\/cropped-Sticky-Fingers-Logo-ganz-klein.png","type":"image\/png"}],"twitter_card":"summary_large_image","twitter_misc":{"Gesch\u00e4tzte Lesezeit":"5\u00a0Minuten"},"schema":{"@context":"https:\/\/schema.org","@graph":[{"@type":"WebPage","@id":"https:\/\/r-s-music.de\/index.php\/tourdaten\/","url":"https:\/\/r-s-music.de\/index.php\/tourdaten\/","name":"Tour 2026 -","isPartOf":{"@id":"https:\/\/r-s-music.de\/#website"},"primaryImageOfPage":{"@id":"https:\/\/r-s-music.de\/index.php\/tourdaten\/#primaryimage"},"image":{"@id":"https:\/\/r-s-music.de\/index.php\/tourdaten\/#primaryimage"},"thumbnailUrl":"https:\/\/r-s-music.de\/wp-content\/uploads\/2023\/07\/cropped-Sticky-Fingers-Logo-ganz-klein.png","datePublished":"2020-07-27T21:45:42+00:00","dateModified":"2026-03-30T07:57:58+00:00","breadcrumb":{"@id":"https:\/\/r-s-music.de\/index.php\/tourdaten\/#breadcrumb"},"inLanguage":"de","potentialAction":[{"@type":"ReadAction","target":["https:\/\/r-s-music.de\/index.php\/tourdaten\/"]}]},{"@type":"ImageObject","inLanguage":"de","@id":"https:\/\/r-s-music.de\/index.php\/tourdaten\/#primaryimage","url":"https:\/\/r-s-music.de\/wp-content\/uploads\/2023\/07\/cropped-Sticky-Fingers-Logo-ganz-klein.png","contentUrl":"https:\/\/r-s-music.de\/wp-content\/uploads\/2023\/07\/cropped-Sticky-Fingers-Logo-ganz-klein.png","width":212,"height":81},{"@type":"BreadcrumbList","@id":"https:\/\/r-s-music.de\/index.php\/tourdaten\/#breadcrumb","itemListElement":[{"@type":"ListItem","position":1,"name":"Startseite","item":"https:\/\/r-s-music.de\/"},{"@type":"ListItem","position":2,"name":"Tour 2026"}]},{"@type":"WebSite","@id":"https:\/\/r-s-music.de\/#website","url":"https:\/\/r-s-music.de\/","name":"","description":"R.S. Music u. Sticky Fingers","potentialAction":[{"@type":"SearchAction","target":{"@type":"EntryPoint","urlTemplate":"https:\/\/r-s-music.de\/?s={search_term_string}"},"query-input":{"@type":"PropertyValueSpecification","valueRequired":true,"valueName":"search_term_string"}}],"inLanguage":"de"}]}},"_links":{"self":[{"href":"https:\/\/r-s-music.de\/index.php\/wp-json\/wp\/v2\/pages\/149","targetHints":{"allow":["GET"]}}],"collection":[{"href":"https:\/\/r-s-music.de\/index.php\/wp-json\/wp\/v2\/pages"}],"about":[{"href":"https:\/\/r-s-music.de\/index.php\/wp-json\/wp\/v2\/types\/page"}],"author":[{"embeddable":true,"href":"https:\/\/r-s-music.de\/index.php\/wp-json\/wp\/v2\/users\/2"}],"replies":[{"embeddable":true,"href":"https:\/\/r-s-music.de\/index.php\/wp-json\/wp\/v2\/comments?post=149"}],"version-history":[{"count":397,"href":"https:\/\/r-s-music.de\/index.php\/wp-json\/wp\/v2\/pages\/149\/revisions"}],"predecessor-version":[{"id":2480,"href":"https:\/\/r-s-music.de\/index.php\/wp-json\/wp\/v2\/pages\/149\/revisions\/2480"}],"wp:attachment":[{"href":"https:\/\/r-s-music.de\/index.php\/wp-json\/wp\/v2\/media?parent=149"}],"curies":[{"name":"wp","href":"https:\/\/api.w.org\/{rel}","templated":true}]}}