{"id":106,"date":"2020-07-27T19:13:28","date_gmt":"2020-07-27T19:13:28","guid":{"rendered":"https:\/\/beta.r-s-music.de\/?page_id=106"},"modified":"2026-02-03T11:25:53","modified_gmt":"2026-02-03T11:25:53","slug":"sticky-fingers","status":"publish","type":"page","link":"https:\/\/r-s-music.de\/index.php\/sticky-fingers\/","title":{"rendered":"Sticky Fingers"},"content":{"rendered":"<p style=\"text-align: left;\"><img loading=\"lazy\" decoding=\"async\" class=\"aligncenter wp-image-2016\" src=\"https:\/\/r-s-music.de\/wp-content\/uploads\/2024\/07\/Sticky-Fingers-Logo-gross-300x105.png\" alt=\"\" width=\"960\" height=\"336\" srcset=\"https:\/\/r-s-music.de\/wp-content\/uploads\/2024\/07\/Sticky-Fingers-Logo-gross-300x105.png 300w, https:\/\/r-s-music.de\/wp-content\/uploads\/2024\/07\/Sticky-Fingers-Logo-gross-1024x358.png 1024w, https:\/\/r-s-music.de\/wp-content\/uploads\/2024\/07\/Sticky-Fingers-Logo-gross-768x269.png 768w, https:\/\/r-s-music.de\/wp-content\/uploads\/2024\/07\/Sticky-Fingers-Logo-gross.png 1200w\" sizes=\"auto, (max-width: 960px) 100vw, 960px\" \/><\/p>\n<h3><\/h3>\n<h3><span style=\"color: #ffff99;\">R.S. Music<\/span> pr\u00e4sentiert eine der besten Live Bands Mitteldeutschlands in Sachen Rock- Classics u. Hard &amp; Heavy<\/h3>\n<figure id=\"attachment_517\" aria-describedby=\"caption-attachment-517\" style=\"width: 260px\" class=\"wp-caption alignright\"><img loading=\"lazy\" decoding=\"async\" class=\"wp-image-517\" src=\"https:\/\/r-s-music.de\/wp-content\/uploads\/2020\/07\/Berlin-2-1-300x199.jpg\" alt=\"\" width=\"260\" height=\"173\" srcset=\"https:\/\/r-s-music.de\/wp-content\/uploads\/2020\/07\/Berlin-2-1-300x199.jpg 300w, https:\/\/r-s-music.de\/wp-content\/uploads\/2020\/07\/Berlin-2-1-1024x681.jpg 1024w, https:\/\/r-s-music.de\/wp-content\/uploads\/2020\/07\/Berlin-2-1-768x511.jpg 768w, https:\/\/r-s-music.de\/wp-content\/uploads\/2020\/07\/Berlin-2-1.jpg 1053w\" sizes=\"auto, (max-width: 260px) 100vw, 260px\" \/><figcaption id=\"caption-attachment-517\" class=\"wp-caption-text\">Berlin \ud83d\ude42<\/figcaption><\/figure>\n<p>Gegr\u00fcndet 2006 vom Gitarristen, S\u00e4nger u. Bandleader Ralf Sattler, \u00a0der Rockr\u00f6hre Silke Sprenger, sowie dem Bassisten Christoph Schnisa (01.01.1962 &#8211; 20.08.2015). Seither unz\u00e4hlige Gastspiele in Th\u00fcringen, Sachsen, Bayern, Sachsen Anhalt, Brandenburg, Hessen, Baden W\u00fcrttemberg, Niedersachsen\u00a0 und fast ganz Deutschland.<\/p>\n<p><strong>Einfach geile Mugge und professionelle Performance!<\/strong><\/p>\n<p>&nbsp;<\/p>\n<p><em><strong>Sticky Fingers<\/strong><\/em>, ist eine der ersten Adressen in Sachen Rock- Klassiker u. Hard &amp; Heavy. Die Band ist bestens aufgestellt f\u00fcr Biker- Treffen, Rock und Club- Konzerte, Stadt u. Landfeste, und immer da, wo geile Rockmusik gefragt ist.\u00a0 Am Start stehen gro\u00dfartige Klassiker von den Rolling Stones, von AC\/DC, Songs von CCR, Led Zeppelin, Deep Purple, Melissa Etheridge bis hin zu Westernhagen, Metallica, Billy Idol, Gotthardt oder Black Sabbath. Performt mit straighter Power, und einer definitiv eigenen coolen Note. Gro\u00dfartiger Power- Rock mit zeitgem\u00e4\u00dfen Arrangement sorgen f\u00fcr ein einzigartiges Live- Erlebnis\u00a0 und Party- Stimmung, GARANTIERT!<\/p>\n<p><em><strong>Sticky Fingers<\/strong><\/em> ist eine <strong>Live<\/strong>&#8211; Band, die man auch <strong>live <\/strong>erleben muss<strong>! <\/strong>Kommen und Abrocken bis die Schwarte kracht! <strong><span style=\"color: #ff9900;\">\ud83d\ude09<\/span><\/strong><\/p>\n<p><img loading=\"lazy\" decoding=\"async\" class=\"aligncenter wp-image-2129 size-mh-magazine-lite-content\" src=\"https:\/\/r-s-music.de\/wp-content\/uploads\/2024\/10\/Ranis-30-678x381.jpg\" alt=\"\" width=\"678\" height=\"381\" \/><\/p>\n<h3><\/h3>\n<h3><em><span style=\"color: #999999;\">Die Band:<\/span><\/em><\/h3>\n<figure id=\"attachment_2047\" aria-describedby=\"caption-attachment-2047\" style=\"width: 190px\" class=\"wp-caption alignright\"><img loading=\"lazy\" decoding=\"async\" class=\"wp-image-2047\" src=\"https:\/\/r-s-music.de\/wp-content\/uploads\/2024\/09\/02-Zwickau-300x198.jpg\" alt=\"\" width=\"190\" height=\"125\" srcset=\"https:\/\/r-s-music.de\/wp-content\/uploads\/2024\/09\/02-Zwickau-300x198.jpg 300w, https:\/\/r-s-music.de\/wp-content\/uploads\/2024\/09\/02-Zwickau-1024x675.jpg 1024w, https:\/\/r-s-music.de\/wp-content\/uploads\/2024\/09\/02-Zwickau-768x506.jpg 768w, https:\/\/r-s-music.de\/wp-content\/uploads\/2024\/09\/02-Zwickau.jpg 1147w\" sizes=\"auto, (max-width: 190px) 100vw, 190px\" \/><figcaption id=\"caption-attachment-2047\" class=\"wp-caption-text\">Silke (voc.)<\/figcaption><\/figure>\n<ul>\n<li><strong><strong><span style=\"color: #ffff99;\">Silke Sprenger<\/span> (voc.)<\/strong><\/strong><\/li>\n<li><strong><strong><span style=\"color: #ffff99;\">Ralf Sattler<\/span>\u00a0 (git., voc., harp, bandld.)<\/strong><\/strong><\/li>\n<li><strong><span style=\"color: #ffff99;\">Justus Liebig<\/span>\u00a0 (bass<\/strong><\/li>\n<li><strong><span style=\"color: #ffff99;\">Bodo Chudasch<\/span> (drums, voc.)<\/strong><\/li>\n<li>&#8230;&#8230;&#8230;&#8230;&#8230;&#8230;&#8230;&#8230;&#8230;&#8230;&#8230;&#8230;&#8230;&#8230;&#8230;&#8230;&#8230;&#8230;&#8230;&#8230;&#8230;&#8230;&#8230;.<\/li>\n<li><strong>Frido M\u00fcller\u00a0 (drums)<\/strong><\/li>\n<\/ul>\n<h3><em><span style=\"color: #999999;\"><strong>Die Musik:\u00a0 <\/strong><\/span><\/em><\/h3>\n<p><strong>komplette Setliste (klick):\u00a0 \u00a0<a href=\"https:\/\/r-s-music.de\/wp-content\/uploads\/2026\/01\/01-Sticky-Fingers-offizielle-Gesamt-Setliste-2026.pdf\">Sticky Fingers &#8211; offizielle Gesamt- Setliste 2026<\/a><\/strong><\/p>\n<figure id=\"attachment_1669\" aria-describedby=\"caption-attachment-1669\" style=\"width: 190px\" class=\"wp-caption alignright\"><img loading=\"lazy\" decoding=\"async\" class=\"wp-image-1669\" src=\"https:\/\/r-s-music.de\/wp-content\/uploads\/2023\/07\/Justus-300x199.jpg\" alt=\"\" width=\"190\" height=\"126\" srcset=\"https:\/\/r-s-music.de\/wp-content\/uploads\/2023\/07\/Justus-300x199.jpg 300w, https:\/\/r-s-music.de\/wp-content\/uploads\/2023\/07\/Justus-1024x681.jpg 1024w, https:\/\/r-s-music.de\/wp-content\/uploads\/2023\/07\/Justus-768x511.jpg 768w, https:\/\/r-s-music.de\/wp-content\/uploads\/2023\/07\/Justus-1536x1021.jpg 1536w, https:\/\/r-s-music.de\/wp-content\/uploads\/2023\/07\/Justus.jpg 1805w\" sizes=\"auto, (max-width: 190px) 100vw, 190px\" \/><figcaption id=\"caption-attachment-1669\" class=\"wp-caption-text\">Justus (bass)<\/figcaption><\/figure>\n<ul>\n<li><strong>Start me up, Brown Sugar &#8230; &#8211; R. Stones<\/strong><\/li>\n<li><strong>Touch too much, Highway to hell, Live Wire<\/strong><\/li>\n<li><strong>You shook me all nighte long\u00a0 &#8211; <em><em>AC\/DC<\/em><\/em><\/strong><\/li>\n<li><strong>Hush &#8211; <em><em>Gotthard, <\/em><\/em>Eye of the Tiger &#8211; <em>Survivor<\/em><\/strong><\/li>\n<li><strong>All right now, Wishing well &#8211; <em>Free<\/em><\/strong><\/li>\n<li><strong>Radar love &#8211; <em><em>Golden Earring<\/em><\/em><\/strong><\/li>\n<li><strong>Rebel Yell, White Wedding &#8211; <em>Billy Idol\u00a0 \u00a0 \u00a0 \u00a0 \u00a0 \u00a0 \u00a0 \u00a0 \u00a0 \u00a0 \u00a0 \u00a0 \u00a0 \u00a0 <\/em><\/strong><\/li>\n<li><strong>Born to be wild &#8211; <em><em>Steppenwolf\u00a0 \u00a0 \u00a0 \u00a0 \u00a0 \u00a0 \u00a0 \u00a0 \u00a0 \u00a0 \u00a0 \u00a0 \u00a0 \u00a0 \u00a0 \u00a0 \u00a0 \u00a0 \u00a0 \u00a0 \u00a0 \u00a0 \u00a0<\/em><\/em><\/strong><\/li>\n<li><strong>Beds are burning &#8211; <em>Midnight Oil<\/em><\/strong><\/li>\n<li><strong><strong>Smoke on the water &#8211; <em>Deep Purple<\/em><\/strong><\/strong>\n<p><figure id=\"attachment_740\" aria-describedby=\"caption-attachment-740\" style=\"width: 190px\" class=\"wp-caption alignright\"><img loading=\"lazy\" decoding=\"async\" class=\"wp-image-740\" src=\"https:\/\/r-s-music.de\/wp-content\/uploads\/2020\/11\/MAJ7627-300x200.jpg\" alt=\"\" width=\"190\" height=\"126\" srcset=\"https:\/\/r-s-music.de\/wp-content\/uploads\/2020\/11\/MAJ7627-300x200.jpg 300w, https:\/\/r-s-music.de\/wp-content\/uploads\/2020\/11\/MAJ7627-1024x681.jpg 1024w, https:\/\/r-s-music.de\/wp-content\/uploads\/2020\/11\/MAJ7627-768x511.jpg 768w, https:\/\/r-s-music.de\/wp-content\/uploads\/2020\/11\/MAJ7627-1536x1021.jpg 1536w, https:\/\/r-s-music.de\/wp-content\/uploads\/2020\/11\/MAJ7627.jpg 2000w\" sizes=\"auto, (max-width: 190px) 100vw, 190px\" \/><figcaption id=\"caption-attachment-740\" class=\"wp-caption-text\">Ralf (ld., git., voc., harp)<\/figcaption><\/figure><\/li>\n<li><strong>Like the way I do &#8211; <em>M. Etheridge<\/em><\/strong><\/li>\n<li><strong>Walking by myself &#8211; <em>Gary Moore<\/em><\/strong><\/li>\n<li><strong>&#8230; und vieles mehr<\/strong><\/li>\n<\/ul>\n<h3><span style=\"color: #ffcc99;\"><a style=\"color: #ffcc99;\" href=\"https:\/\/r-s-music.de\/wp-content\/uploads\/2020\/09\/Sticky-Fingers-History.pdf\"><strong><span style=\"color: #ffff00;\"><span style=\"color: #ff9900;\">-&gt;<\/span> <em><span style=\"color: #ffff99;\">Sticky Fingers &#8211; History<\/span><\/em><\/span><\/strong><\/a><\/span><\/h3>\n<h3><span style=\"color: #ffff00;\"><a style=\"color: #ffff00;\" href=\"https:\/\/www.facebook.com\/st.fingerband\/?fref=ts\"><span style=\"color: #ff9900;\">-&gt;<\/span> <em><span style=\"color: #ffff99;\">Sticky Fingers auf Facebook<\/span><\/em><\/a><\/span><\/h3>\n<figure id=\"attachment_2081\" aria-describedby=\"caption-attachment-2081\" style=\"width: 190px\" class=\"wp-caption alignright\"><img loading=\"lazy\" decoding=\"async\" class=\"wp-image-2081\" src=\"https:\/\/r-s-music.de\/wp-content\/uploads\/2024\/09\/DSC08221-Kopie-300x200.jpg\" alt=\"\" width=\"190\" height=\"127\" srcset=\"https:\/\/r-s-music.de\/wp-content\/uploads\/2024\/09\/DSC08221-Kopie-300x200.jpg 300w, https:\/\/r-s-music.de\/wp-content\/uploads\/2024\/09\/DSC08221-Kopie.jpg 600w\" sizes=\"auto, (max-width: 190px) 100vw, 190px\" \/><figcaption id=\"caption-attachment-2081\" class=\"wp-caption-text\">Frido (drums)<\/figcaption><\/figure>\n<h3><em><span style=\"color: #999999;\">Referenzen:<\/span><\/em><\/h3>\n<ul>\n<li>R\u00fcgenwalder Rocknacht Bad Arolsen,<\/li>\n<li>Internationales Bierfestival Berlin, Zwiebelmarkt Apolda<\/li>\n<li>Bikerfest Erbendorf (Oberpfalz),<\/li>\n<li>Harley- u. Custombike- Treffen Elsterberg<\/li>\n<li>Rock Saalenstein, P\u00f6\u00dfnecker Stra\u00dfenfest<\/li>\n<li>MC NineTyTwo, Ringkeller Zwickau, Stra\u00dfen u. H\u00f6fefest R\u00f6blitz,<\/li>\n<li>Harley Treffen Gera, Brauereifest Weimar,<\/li>\n<li>Brauereifest P\u00f6\u00dfneck, MC Route 88, Easy Rider \/Schwarzwald,<\/li>\n<li>Stahlpakt MC Th\u00fcringen, Kneipentour P\u00f6\u00dfneck,\n<p><figure id=\"attachment_2084\" aria-describedby=\"caption-attachment-2084\" style=\"width: 190px\" class=\"wp-caption alignright\"><img loading=\"lazy\" decoding=\"async\" class=\"wp-image-2084\" src=\"https:\/\/r-s-music.de\/wp-content\/uploads\/2024\/09\/12-02-Bodo-1-300x202.jpg\" alt=\"\" width=\"190\" height=\"128\" srcset=\"https:\/\/r-s-music.de\/wp-content\/uploads\/2024\/09\/12-02-Bodo-1-300x202.jpg 300w, https:\/\/r-s-music.de\/wp-content\/uploads\/2024\/09\/12-02-Bodo-1-1024x689.jpg 1024w, https:\/\/r-s-music.de\/wp-content\/uploads\/2024\/09\/12-02-Bodo-1-768x517.jpg 768w, https:\/\/r-s-music.de\/wp-content\/uploads\/2024\/09\/12-02-Bodo-1-1536x1034.jpg 1536w, https:\/\/r-s-music.de\/wp-content\/uploads\/2024\/09\/12-02-Bodo-1.jpg 1800w\" sizes=\"auto, (max-width: 190px) 100vw, 190px\" \/><figcaption id=\"caption-attachment-2084\" class=\"wp-caption-text\">Bodo (drums)<\/figcaption><\/figure><\/li>\n<li>Burg und Stadtfest Ranis 2024<\/li>\n<li>Kirschfest Naumburg, Stadtfest Ilmenau, Stadtfest Triptis,<\/li>\n<li>MC Ozelot 2014\/15, Bergrennen Ziegenr\u00fcck, Bikertreffen,<\/li>\n<li>Bikertreffen Reichenbach\/Fils, Bikertreffen Wild Roses Ascha,<\/li>\n<li>Christl. Bikertreffen Friesau, Volksfest Saalfeld<\/li>\n<li>Bikertreffen Bernburg- Gr\u00f6na, Helter Skelter Heiligenstadt,<\/li>\n<li>Musikmeile Themar,<\/li>\n<li>Adendorf Rocks, Alter Bahnhof Hof\/Saale,<\/li>\n<li>Wacholderclub Hildburghsn.<\/li>\n<li>Kneipenfest Sondershausen. Blue Angel K\u00f6lleda, Irish Pub Coburg,<\/li>\n<li>Bergschl\u00f6sschen Schlettwein, Open Air K\u00fcrbitz, Brauhaus Zwickau,<\/li>\n<li>Bikertreffen Huy- Biker 2015, Pahlburger MC Nordharz,<\/li>\n<li>Rockkirmes Westerengel<\/li>\n<li>Bikertreffen Neudorf b. Luhe, Bikertreffen Uetze\/Eltze b. Peine<\/li>\n<\/ul>\n<h3><span style=\"color: #ff9900;\"><strong>-&gt;<\/strong> <\/span><em>\u00a0<span style=\"color: #ffff99;\">Unsere Partner:<\/span><\/em><\/h3>\n<p><img loading=\"lazy\" decoding=\"async\" class=\"alignright wp-image-2071\" src=\"https:\/\/r-s-music.de\/wp-content\/uploads\/2024\/09\/31-Fine-255x300.jpg\" alt=\"\" width=\"190\" height=\"223\" srcset=\"https:\/\/r-s-music.de\/wp-content\/uploads\/2024\/09\/31-Fine-255x300.jpg 255w, https:\/\/r-s-music.de\/wp-content\/uploads\/2024\/09\/31-Fine-872x1024.jpg 872w, https:\/\/r-s-music.de\/wp-content\/uploads\/2024\/09\/31-Fine-768x902.jpg 768w, https:\/\/r-s-music.de\/wp-content\/uploads\/2024\/09\/31-Fine-1307x1536.jpg 1307w, https:\/\/r-s-music.de\/wp-content\/uploads\/2024\/09\/31-Fine.jpg 1533w\" sizes=\"auto, (max-width: 190px) 100vw, 190px\" \/><\/p>\n<p><a href=\"http:\/\/partymat.de\"><img decoding=\"async\" src=\"https:\/\/www.partymat.de\/IMG\/partymat.png\" \/><\/a><\/p>\n<p><a href=\"https:\/\/www.gigstarter.de\/artists\/sticky-fingers\"><img decoding=\"async\" src=\"https:\/\/s3-eu-west-1.amazonaws.com\/gigstarter\/buch-uns.png\" alt=\"Buchen Sticky Fingers\" \/><\/a><\/p>\n<p>&nbsp;<\/p>\n<p>&nbsp;<\/p>\n","protected":false},"excerpt":{"rendered":"<div class=\"mh-excerpt\"><p>R.S. Music pr\u00e4sentiert eine der besten Live Bands Mitteldeutschlands in Sachen Rock- Classics u. Hard &amp; Heavy Gegr\u00fcndet 2006 vom Gitarristen, S\u00e4nger u. Bandleader Ralf <a class=\"mh-excerpt-more\" href=\"https:\/\/r-s-music.de\/index.php\/sticky-fingers\/\" title=\"Sticky Fingers\">[&#8230;]<\/a><\/p>\n<\/div>","protected":false},"author":2,"featured_media":0,"parent":0,"menu_order":0,"comment_status":"closed","ping_status":"closed","template":"","meta":{"footnotes":""},"class_list":["post-106","page","type-page","status-publish","hentry"],"yoast_head":"<!-- This site is optimized with the Yoast SEO plugin v27.3 - https:\/\/yoast.com\/product\/yoast-seo-wordpress\/ -->\n<title>Sticky Fingers -<\/title>\n<meta name=\"robots\" content=\"index, follow, max-snippet:-1, max-image-preview:large, max-video-preview:-1\" \/>\n<link rel=\"canonical\" href=\"https:\/\/r-s-music.de\/index.php\/sticky-fingers\/\" \/>\n<meta property=\"og:locale\" content=\"de_DE\" \/>\n<meta property=\"og:type\" content=\"article\" \/>\n<meta property=\"og:title\" content=\"Sticky Fingers -\" \/>\n<meta property=\"og:description\" content=\"R.S. Music pr\u00e4sentiert eine der besten Live Bands Mitteldeutschlands in Sachen Rock- Classics u. Hard &amp; Heavy Gegr\u00fcndet 2006 vom Gitarristen, S\u00e4nger u. Bandleader Ralf [...]\" \/>\n<meta property=\"og:url\" content=\"https:\/\/r-s-music.de\/index.php\/sticky-fingers\/\" \/>\n<meta property=\"article:modified_time\" content=\"2026-02-03T11:25:53+00:00\" \/>\n<meta property=\"og:image\" content=\"https:\/\/r-s-music.de\/wp-content\/uploads\/2024\/07\/Sticky-Fingers-Logo-gross.png\" \/>\n\t<meta property=\"og:image:width\" content=\"1200\" \/>\n\t<meta property=\"og:image:height\" content=\"420\" \/>\n\t<meta property=\"og:image:type\" content=\"image\/png\" \/>\n<meta name=\"twitter:card\" content=\"summary_large_image\" \/>\n<meta name=\"twitter:label1\" content=\"Gesch\u00e4tzte Lesezeit\" \/>\n\t<meta name=\"twitter:data1\" content=\"5\u00a0Minuten\" \/>\n<script type=\"application\/ld+json\" class=\"yoast-schema-graph\">{\"@context\":\"https:\\\/\\\/schema.org\",\"@graph\":[{\"@type\":\"WebPage\",\"@id\":\"https:\\\/\\\/r-s-music.de\\\/index.php\\\/sticky-fingers\\\/\",\"url\":\"https:\\\/\\\/r-s-music.de\\\/index.php\\\/sticky-fingers\\\/\",\"name\":\"Sticky Fingers -\",\"isPartOf\":{\"@id\":\"https:\\\/\\\/r-s-music.de\\\/#website\"},\"primaryImageOfPage\":{\"@id\":\"https:\\\/\\\/r-s-music.de\\\/index.php\\\/sticky-fingers\\\/#primaryimage\"},\"image\":{\"@id\":\"https:\\\/\\\/r-s-music.de\\\/index.php\\\/sticky-fingers\\\/#primaryimage\"},\"thumbnailUrl\":\"https:\\\/\\\/r-s-music.de\\\/wp-content\\\/uploads\\\/2024\\\/07\\\/Sticky-Fingers-Logo-gross-300x105.png\",\"datePublished\":\"2020-07-27T19:13:28+00:00\",\"dateModified\":\"2026-02-03T11:25:53+00:00\",\"breadcrumb\":{\"@id\":\"https:\\\/\\\/r-s-music.de\\\/index.php\\\/sticky-fingers\\\/#breadcrumb\"},\"inLanguage\":\"de\",\"potentialAction\":[{\"@type\":\"ReadAction\",\"target\":[\"https:\\\/\\\/r-s-music.de\\\/index.php\\\/sticky-fingers\\\/\"]}]},{\"@type\":\"ImageObject\",\"inLanguage\":\"de\",\"@id\":\"https:\\\/\\\/r-s-music.de\\\/index.php\\\/sticky-fingers\\\/#primaryimage\",\"url\":\"https:\\\/\\\/r-s-music.de\\\/wp-content\\\/uploads\\\/2024\\\/07\\\/Sticky-Fingers-Logo-gross.png\",\"contentUrl\":\"https:\\\/\\\/r-s-music.de\\\/wp-content\\\/uploads\\\/2024\\\/07\\\/Sticky-Fingers-Logo-gross.png\",\"width\":1200,\"height\":420},{\"@type\":\"BreadcrumbList\",\"@id\":\"https:\\\/\\\/r-s-music.de\\\/index.php\\\/sticky-fingers\\\/#breadcrumb\",\"itemListElement\":[{\"@type\":\"ListItem\",\"position\":1,\"name\":\"Startseite\",\"item\":\"https:\\\/\\\/r-s-music.de\\\/\"},{\"@type\":\"ListItem\",\"position\":2,\"name\":\"Sticky Fingers\"}]},{\"@type\":\"WebSite\",\"@id\":\"https:\\\/\\\/r-s-music.de\\\/#website\",\"url\":\"https:\\\/\\\/r-s-music.de\\\/\",\"name\":\"\",\"description\":\"R.S. Music u. Sticky Fingers\",\"potentialAction\":[{\"@type\":\"SearchAction\",\"target\":{\"@type\":\"EntryPoint\",\"urlTemplate\":\"https:\\\/\\\/r-s-music.de\\\/?s={search_term_string}\"},\"query-input\":{\"@type\":\"PropertyValueSpecification\",\"valueRequired\":true,\"valueName\":\"search_term_string\"}}],\"inLanguage\":\"de\"}]}<\/script>\n<!-- \/ Yoast SEO plugin. -->","yoast_head_json":{"title":"Sticky Fingers -","robots":{"index":"index","follow":"follow","max-snippet":"max-snippet:-1","max-image-preview":"max-image-preview:large","max-video-preview":"max-video-preview:-1"},"canonical":"https:\/\/r-s-music.de\/index.php\/sticky-fingers\/","og_locale":"de_DE","og_type":"article","og_title":"Sticky Fingers -","og_description":"R.S. Music pr\u00e4sentiert eine der besten Live Bands Mitteldeutschlands in Sachen Rock- Classics u. Hard &amp; Heavy Gegr\u00fcndet 2006 vom Gitarristen, S\u00e4nger u. Bandleader Ralf [...]","og_url":"https:\/\/r-s-music.de\/index.php\/sticky-fingers\/","article_modified_time":"2026-02-03T11:25:53+00:00","og_image":[{"width":1200,"height":420,"url":"https:\/\/r-s-music.de\/wp-content\/uploads\/2024\/07\/Sticky-Fingers-Logo-gross.png","type":"image\/png"}],"twitter_card":"summary_large_image","twitter_misc":{"Gesch\u00e4tzte Lesezeit":"5\u00a0Minuten"},"schema":{"@context":"https:\/\/schema.org","@graph":[{"@type":"WebPage","@id":"https:\/\/r-s-music.de\/index.php\/sticky-fingers\/","url":"https:\/\/r-s-music.de\/index.php\/sticky-fingers\/","name":"Sticky Fingers -","isPartOf":{"@id":"https:\/\/r-s-music.de\/#website"},"primaryImageOfPage":{"@id":"https:\/\/r-s-music.de\/index.php\/sticky-fingers\/#primaryimage"},"image":{"@id":"https:\/\/r-s-music.de\/index.php\/sticky-fingers\/#primaryimage"},"thumbnailUrl":"https:\/\/r-s-music.de\/wp-content\/uploads\/2024\/07\/Sticky-Fingers-Logo-gross-300x105.png","datePublished":"2020-07-27T19:13:28+00:00","dateModified":"2026-02-03T11:25:53+00:00","breadcrumb":{"@id":"https:\/\/r-s-music.de\/index.php\/sticky-fingers\/#breadcrumb"},"inLanguage":"de","potentialAction":[{"@type":"ReadAction","target":["https:\/\/r-s-music.de\/index.php\/sticky-fingers\/"]}]},{"@type":"ImageObject","inLanguage":"de","@id":"https:\/\/r-s-music.de\/index.php\/sticky-fingers\/#primaryimage","url":"https:\/\/r-s-music.de\/wp-content\/uploads\/2024\/07\/Sticky-Fingers-Logo-gross.png","contentUrl":"https:\/\/r-s-music.de\/wp-content\/uploads\/2024\/07\/Sticky-Fingers-Logo-gross.png","width":1200,"height":420},{"@type":"BreadcrumbList","@id":"https:\/\/r-s-music.de\/index.php\/sticky-fingers\/#breadcrumb","itemListElement":[{"@type":"ListItem","position":1,"name":"Startseite","item":"https:\/\/r-s-music.de\/"},{"@type":"ListItem","position":2,"name":"Sticky Fingers"}]},{"@type":"WebSite","@id":"https:\/\/r-s-music.de\/#website","url":"https:\/\/r-s-music.de\/","name":"","description":"R.S. Music u. Sticky Fingers","potentialAction":[{"@type":"SearchAction","target":{"@type":"EntryPoint","urlTemplate":"https:\/\/r-s-music.de\/?s={search_term_string}"},"query-input":{"@type":"PropertyValueSpecification","valueRequired":true,"valueName":"search_term_string"}}],"inLanguage":"de"}]}},"_links":{"self":[{"href":"https:\/\/r-s-music.de\/index.php\/wp-json\/wp\/v2\/pages\/106","targetHints":{"allow":["GET"]}}],"collection":[{"href":"https:\/\/r-s-music.de\/index.php\/wp-json\/wp\/v2\/pages"}],"about":[{"href":"https:\/\/r-s-music.de\/index.php\/wp-json\/wp\/v2\/types\/page"}],"author":[{"embeddable":true,"href":"https:\/\/r-s-music.de\/index.php\/wp-json\/wp\/v2\/users\/2"}],"replies":[{"embeddable":true,"href":"https:\/\/r-s-music.de\/index.php\/wp-json\/wp\/v2\/comments?post=106"}],"version-history":[{"count":136,"href":"https:\/\/r-s-music.de\/index.php\/wp-json\/wp\/v2\/pages\/106\/revisions"}],"predecessor-version":[{"id":2422,"href":"https:\/\/r-s-music.de\/index.php\/wp-json\/wp\/v2\/pages\/106\/revisions\/2422"}],"wp:attachment":[{"href":"https:\/\/r-s-music.de\/index.php\/wp-json\/wp\/v2\/media?parent=106"}],"curies":[{"name":"wp","href":"https:\/\/api.w.org\/{rel}","templated":true}]}}